{"id":15538,"date":"2016-05-17T16:56:30","date_gmt":"2016-05-17T14:56:30","guid":{"rendered":"https:\/\/support.protonet.info\/de\/?page_id=15538"},"modified":"2016-10-10T11:51:48","modified_gmt":"2016-10-10T09:51:48","slug":"education","status":"publish","type":"page","link":"https:\/\/support.protonet.info\/de\/education\/","title":{"rendered":"Education"},"content":{"rendered":"<p>Mittwochs ist Schulungstag.<\/p>\n<p>Unsere neuen Support-Workshops starten um 11 Uhr und haben eine ungef\u00e4hre Dauer von 30 Minuten.\u00a0Der jeweilige Anmeldungslink verbirgt sich hinter den \u00dcberschriften.<\/p>\n<p>Aktuelle Termine und Themen:<\/p>\n<h4>1. Mittwoch im Monat<br \/>\n<a href=\"https:\/\/attendee.gotowebinar.com\/rt\/7335959544751427842\" target=\"_blank\" class=\"broken_link\">&#8222;Erste Schritte f\u00fcr Inhaber und Administratoren der Protonet L\u00f6sung&#8220;<\/a><\/h4>\n<p>Inhalte sind erste Schritte mit der Protonet L\u00f6sung inklusive Tipps &amp; Best Practices zu Einrichtung und Wartung der Protonet L\u00f6sung.<\/p>\n<p><a href=\"https:\/\/support.protonet.info\/wp-content\/uploads\/2016\/05\/Boxbesitzer_Administratoren_v2_Handout.pdf\" target=\"_blank\" class=\"broken_link\">Pr\u00e4sentation zum Nachlesen<\/a><\/p>\n<p>&nbsp;<\/p>\n<h4>2. Mittwoch im Monat &#8211; <span style=\"color: #ff6600;\">Termin 10.08. mangels Anmeldungen\u00a0abgesagt<\/span><br \/>\n<a href=\"https:\/\/attendee.gotowebinar.com\/rt\/9013594389836241921\" target=\"_blank\" class=\"broken_link\">&#8222;Synchronisieren von Dateien mittels der ProtoSync App&#8220;<\/a><\/h4>\n<p>Inhalte sind die Nutzung der ProtoSync Funktionalit\u00e4t und Weiterverarbeitung der Daten in Theorie und Praxis.<\/p>\n<p>Dieses Webinar richtet sich an Protonet Nutzer mit der Rolle Benutzer oder Administrator (kann im eigenen Benutzerprofil nachgeschaut werden).<\/p>\n<p><a href=\"https:\/\/support.protonet.info\/wp-content\/uploads\/2016\/05\/Support_Webinar_ProtoSync_de.pdf\" target=\"_blank\" class=\"broken_link\">Pr\u00e4sentation zum Nachlesen<\/a><\/p>\n<p>&nbsp;<\/p>\n<h4>3. Mittwoch im Monat<br \/>\n<a href=\"https:\/\/attendee.gotowebinar.com\/rt\/5410581647033551364\" target=\"_blank\" class=\"broken_link\">&#8222;Erste Schritte in SOUL als Protonet Nutzer&#8220;<\/a><\/h4>\n<p>Inhalte sind die Nutzung von Protonet SOUL mit Fokus auf Gruppen und die M\u00f6glichkeiten, die diese bieten.<\/p>\n<p>Dieses Webinar richtet sich an alle Protonet Nutzer, die einen \u00dcberblick \u00fcber die M\u00f6glichkeiten in der Software SOUL erlangen m\u00f6chten oder ihr Wissen auffrischen.<\/p>\n<p>&nbsp;<\/p>\n<h4>4. Mittwoch im Monat<br \/>\n<a href=\"https:\/\/attendee.gotowebinar.com\/rt\/2877116641129852675\" target=\"_blank\" class=\"broken_link\">&#8222;Variables Thema&#8220;<\/a><\/h4>\n<p>Inhalte sind aktuelle Themen\u00a0wie Vorstellung der Neuigkeiten in der aktuellen SOUL Version.<\/p>\n<p>Dieses Webinar richtet sich an alle Protonet Nutzer.<\/p>\n","protected":false},"excerpt":{"rendered":"Mittwochs ist Schulungstag. Unsere neuen Support-Workshops starten um 11 Uhr und haben eine ungef\u00e4hre Dauer von 30 Minuten.\u00a0Der jeweilige Anmeldungslink verbirgt sich hinter den \u00dcberschriften. Aktuelle Termine und Themen: 1. Mittwoch im Monat &#8222;Erste Schritte f\u00fcr Inhaber und Administratoren der Protonet L\u00f6sung&#8220; Inhalte sind erste Schritte mit der Protonet L\u00f6sung inklusive Tipps &amp; Best Practices [&hellip;]","protected":false},"author":5,"featured_media":0,"parent":0,"menu_order":0,"comment_status":"closed","ping_status":"closed","template":"","meta":{"footnotes":""},"_links":{"self":[{"href":"https:\/\/support.protonet.info\/de\/wp-json\/wp\/v2\/pages\/15538"}],"collection":[{"href":"https:\/\/support.protonet.info\/de\/wp-json\/wp\/v2\/pages"}],"about":[{"href":"https:\/\/support.protonet.info\/de\/wp-json\/wp\/v2\/types\/page"}],"author":[{"embeddable":true,"href":"https:\/\/support.protonet.info\/de\/wp-json\/wp\/v2\/users\/5"}],"replies":[{"embeddable":true,"href":"https:\/\/support.protonet.info\/de\/wp-json\/wp\/v2\/comments?post=15538"}],"version-history":[{"count":86,"href":"https:\/\/support.protonet.info\/de\/wp-json\/wp\/v2\/pages\/15538\/revisions"}],"predecessor-version":[{"id":17305,"href":"https:\/\/support.protonet.info\/de\/wp-json\/wp\/v2\/pages\/15538\/revisions\/17305"}],"wp:attachment":[{"href":"https:\/\/support.protonet.info\/de\/wp-json\/wp\/v2\/media?parent=15538"}],"curies":[{"name":"wp","href":"https:\/\/api.w.org\/{rel}","templated":true}]}}