{"id":17359,"date":"2016-10-13T10:27:28","date_gmt":"2016-10-13T08:27:28","guid":{"rendered":"https:\/\/support.protonet.info\/de\/?page_id=17359"},"modified":"2017-09-22T11:14:23","modified_gmt":"2017-09-22T09:14:23","slug":"teamviewer","status":"publish","type":"page","link":"https:\/\/support.protonet.info\/de\/teamviewer\/","title":{"rendered":"Teamviewer"},"content":{"rendered":"<p>Zu Analysezwecken kann eine Teamviewer-Sitzung auf ein Endger\u00e4t n\u00f6tig sein um eine Situation eindeutig bewerten und beheben zu k\u00f6nnen.<\/p>\n<ul>\n<li><a href=\"https:\/\/get.teamviewer.com\/protonet-win\" target=\"_blank\" rel=\"nofollow noopener noreferrer\" class=\"broken_link\">Windows<\/a><\/li>\n<li><a href=\"https:\/\/get.teamviewer.com\/protonet-mac\" target=\"_blank\" rel=\"nofollow noopener noreferrer\" class=\"broken_link\">Mac<\/a><\/li>\n<li><a href=\"https:\/\/get.teamviewer.com\/protonet-linux\" target=\"_blank\" rel=\"nofollow noopener noreferrer\" class=\"broken_link\">Linux<\/a><\/li>\n<\/ul>\n<p>&nbsp;<\/p>\n<p>Der Teamviewer 10-QuickSupport Client\u00a0ben\u00f6tigt\u00a0keine Installation.<\/p>\n<p>Bei Nutzung ist der Zugriff auf einen Computer durch eine pers\u00f6nliche ID und ein Kennwort gesch\u00fctzt. Nach Beendigung der Sitzung hat der Protonet Support keinen Zugriff mehr.<\/p>\n","protected":false},"excerpt":{"rendered":"Zu Analysezwecken kann eine Teamviewer-Sitzung auf ein Endger\u00e4t n\u00f6tig sein um eine Situation eindeutig bewerten und beheben zu k\u00f6nnen. Windows Mac Linux &nbsp; Der Teamviewer 10-QuickSupport Client\u00a0ben\u00f6tigt\u00a0keine Installation. Bei Nutzung ist der Zugriff auf einen Computer durch eine pers\u00f6nliche ID und ein Kennwort gesch\u00fctzt. Nach Beendigung der Sitzung hat der Protonet Support keinen Zugriff mehr.","protected":false},"author":5,"featured_media":0,"parent":0,"menu_order":0,"comment_status":"closed","ping_status":"closed","template":"","meta":{"footnotes":""},"_links":{"self":[{"href":"https:\/\/support.protonet.info\/de\/wp-json\/wp\/v2\/pages\/17359"}],"collection":[{"href":"https:\/\/support.protonet.info\/de\/wp-json\/wp\/v2\/pages"}],"about":[{"href":"https:\/\/support.protonet.info\/de\/wp-json\/wp\/v2\/types\/page"}],"author":[{"embeddable":true,"href":"https:\/\/support.protonet.info\/de\/wp-json\/wp\/v2\/users\/5"}],"replies":[{"embeddable":true,"href":"https:\/\/support.protonet.info\/de\/wp-json\/wp\/v2\/comments?post=17359"}],"version-history":[{"count":5,"href":"https:\/\/support.protonet.info\/de\/wp-json\/wp\/v2\/pages\/17359\/revisions"}],"predecessor-version":[{"id":18972,"href":"https:\/\/support.protonet.info\/de\/wp-json\/wp\/v2\/pages\/17359\/revisions\/18972"}],"wp:attachment":[{"href":"https:\/\/support.protonet.info\/de\/wp-json\/wp\/v2\/media?parent=17359"}],"curies":[{"name":"wp","href":"https:\/\/api.w.org\/{rel}","templated":true}]}}